{"id":686,"date":"2024-02-13T14:50:59","date_gmt":"2024-02-13T13:50:59","guid":{"rendered":"https:\/\/hyeres-profiles.fr\/?page_id=686"},"modified":"2024-02-15T10:21:10","modified_gmt":"2024-02-15T09:21:10","slug":"en-cours-de-renovation","status":"publish","type":"page","link":"https:\/\/hyeres-profiles.fr\/","title":{"rendered":"En cours de r\u00e9novation !"},"content":{"rendered":"\n<figure class=\"wp-block-image aligncenter size-full\"><img loading=\"lazy\" decoding=\"async\" width=\"931\" height=\"417\" src=\"http:\/\/hyeres-profiles-fr.preview-domain.com\/wp-content\/uploads\/2024\/02\/Hyeres-profiles-2.png\" alt=\"\" class=\"wp-image-684\" srcset=\"https:\/\/hyeres-profiles.fr\/wp-content\/uploads\/2024\/02\/Hyeres-profiles-2.png 931w, https:\/\/hyeres-profiles.fr\/wp-content\/uploads\/2024\/02\/Hyeres-profiles-2-300x134.png 300w, https:\/\/hyeres-profiles.fr\/wp-content\/uploads\/2024\/02\/Hyeres-profiles-2-768x344.png 768w\" sizes=\"(max-width: 931px) 100vw, 931px\" \/><\/figure>\n\n\n\n<div class=\"wp-block-stackable-call-to-action alignfull stk-block-call-to-action stk-block stk-c72b0a2 stk-block-background stk--has-background-overlay\" data-v=\"2\" data-block-id=\"c72b0a2\"><style>.stk-c72b0a2{background-color:linear-gradient(170deg,rgb(249,249,249) 0%,rgb(145,79,29) 100%) !important;background-image:url(http:\/\/hyeres-profiles-fr.preview-domain.com\/wp-content\/uploads\/2024\/02\/piquet-pour-palissage-des-vignes-000664934-product_zoom.jpg) !important;min-height:600px !important;align-items:center !important;display:flex !important}.stk-c72b0a2:before{opacity:0.8 !important;background-image:linear-gradient(170deg,rgb(249,249,249) 0%,rgb(145,79,29) 100%) !important}<\/style><div class=\"stk-block-call-to-action__content stk-content-align stk-c72b0a2-column alignwide stk-container stk-c72b0a2-container stk--no-background stk--no-padding\"><div class=\"has-text-align-left stk-block-content stk-inner-blocks stk-c72b0a2-inner-blocks\">\n<div class=\"wp-block-qubely-text alignfull qubely-block-4c81b4\"><div class=\"qubely-block-text  \"><div class=\"qubely-block-text-title-container  qubely-separator-position-top\"><div class=\"qubely-block-text-title-inner\"><h2 class=\"qubely-block-text-title\">Afin de mieux vous servir<br><\/h2><\/div><\/div><p>Nous travaillons actuellement \u00e0 am\u00e9liorer votre exp\u00e9rience sur notre site web. Nous sommes d\u00e9sol\u00e9s pour tout inconv\u00e9nient que cela pourrait vous causer, mais soyez assur\u00e9s que nous travaillons activement pour vous pr\u00e9senter une nouvelle version encore meilleure.<br><br>En attendant, si vous avez besoin de nous contacter pour toute question, demande ou assistance, n&rsquo;h\u00e9sitez pas \u00e0 nous appeler au 05 55 81 53 50 ou \u00e0 remplir le formulaire ci-dessous. Nous serons ravis de vous aider dans les meilleurs d\u00e9lais.<br>Merci pour votre compr\u00e9hension et votre patience pendant cette p\u00e9riode de transition. Nous avons h\u00e2te de vous pr\u00e9senter notre nouveau site !<\/p><\/div><\/div>\n\n\n<style>.wp-block-kadence-advancedgallery.kb-gallery-wrap-id-686_102b82-16{overflow:hidden;}.kb-gallery-type-carousel.kb-gallery-id-686_102b82-16 .kt-blocks-carousel .kt-blocks-carousel-init:not( .splide-initialized ){margin-left:-5px;margin-right:-5px;}.kb-gallery-type-carousel.kb-gallery-id-686_102b82-16 .kt-blocks-carousel .kt-blocks-carousel-init:not( .splide-initialized ) .kb-slide-item{padding-left:5px;padding-right:5px;}.kb-gallery-id-686_102b82-16 .kadence-blocks-gallery-item .kb-gal-image-radius, .kb-gallery-id-686_102b82-16 .kb-slide-item .kb-gal-image-radius img{border-radius:0px 0px 0px 0px;;}.kb-gallery-wrap-id-686_102b82-16.wp-block-kadence-advancedgallery{overflow:visible;}.kb-gallery-wrap-id-686_102b82-16.wp-block-kadence-advancedgallery .kt-blocks-carousel{overflow:visible;}<\/style><div class=\"kb-gallery-wrap-id-686_102b82-16 alignnone wp-block-kadence-advancedgallery\"><div class=\"kb-gallery-ul kb-gallery-non-static kb-gallery-type-carousel kb-gallery-id-686_102b82-16 kb-gallery-caption-style-bottom-hover kb-gallery-filter-none\" data-image-filter=\"none\" data-lightbox-caption=\"true\"><div class=\"kt-blocks-carousel kt-carousel-container-dotstyle-dark\"><div class=\"kt-blocks-carousel-init kb-gallery-carousel kt-carousel-arrowstyle-whiteondark kt-carousel-dotstyle-dark kb-slider-group-arrow kb-slider-arrow-position-center\" data-columns-xxl=\"3\" data-columns-xl=\"3\" data-columns-md=\"3\" data-columns-sm=\"2\" data-columns-xs=\"1\" data-columns-ss=\"1\" data-slider-anim-speed=\"400\" data-slider-scroll=\"1\" data-slider-arrows=\"true\" data-slider-dots=\"true\" data-slider-hover-pause=\"false\" data-slider-auto=\"1\" data-slider-speed=\"7000\" data-slider-gap=\"10px\" data-slider-gap-tablet=\"10px\" data-slider-gap-mobile=\"10px\" aria-label=\"Photo Gallery Carousel\"><div class=\"kb-slide-item kb-gallery-carousel-item\"><div class=\"kadence-blocks-gallery-item\"><div class=\"kadence-blocks-gallery-item-inner\"><figure class=\"kb-gallery-figure kadence-blocks-gallery-item-hide-caption\" \"><div class=\"kb-gal-image-radius\"><div class=\"kb-gallery-image-contain kadence-blocks-gallery-intrinsic kb-gallery-image-ratio-land32 kb-has-image-ratio-land32\" ><img loading=\"lazy\" decoding=\"async\" src=\"https:\/\/hyeres-profiles-fr.preview-domain.com\/wp-content\/uploads\/2024\/02\/back-view-of-a-cattle-on-a-field-18656873-683x1024.jpg\" width=\"683\" height=\"1024\" alt=\"Back View of a Cattle on a Field\" data-full-image=\"https:\/\/hyeres-profiles-fr.preview-domain.com\/wp-content\/uploads\/2024\/02\/back-view-of-a-cattle-on-a-field-18656873-683x1024.jpg\" data-light-image=\"https:\/\/hyeres-profiles-fr.preview-domain.com\/wp-content\/uploads\/2024\/02\/back-view-of-a-cattle-on-a-field-18656873-683x1024.jpg\" data-id=\"692\" class=\"wp-image-692 skip-lazy\"\/><\/div><\/div><\/figure><\/div><\/div><\/div><div class=\"kb-slide-item kb-gallery-carousel-item\"><div class=\"kadence-blocks-gallery-item\"><div class=\"kadence-blocks-gallery-item-inner\"><figure class=\"kb-gallery-figure kadence-blocks-gallery-item-hide-caption\" \"><div class=\"kb-gal-image-radius\"><div class=\"kb-gallery-image-contain kadence-blocks-gallery-intrinsic kb-gallery-image-ratio-land32 kb-has-image-ratio-land32\" ><img loading=\"lazy\" decoding=\"async\" src=\"https:\/\/hyeres-profiles-fr.preview-domain.com\/wp-content\/uploads\/2024\/02\/green-landscape-with-trees-19165849-1024x686.jpg\" width=\"1024\" height=\"686\" alt=\"Green Landscape with Trees\" data-full-image=\"https:\/\/hyeres-profiles-fr.preview-domain.com\/wp-content\/uploads\/2024\/02\/green-landscape-with-trees-19165849-1024x686.jpg\" data-light-image=\"https:\/\/hyeres-profiles-fr.preview-domain.com\/wp-content\/uploads\/2024\/02\/green-landscape-with-trees-19165849-1024x686.jpg\" data-id=\"693\" class=\"wp-image-693 skip-lazy\"\/><\/div><\/div><\/figure><\/div><\/div><\/div><div class=\"kb-slide-item kb-gallery-carousel-item\"><div class=\"kadence-blocks-gallery-item\"><div class=\"kadence-blocks-gallery-item-inner\"><figure class=\"kb-gallery-figure kadence-blocks-gallery-item-hide-caption\" \"><div class=\"kb-gal-image-radius\"><div class=\"kb-gallery-image-contain kadence-blocks-gallery-intrinsic kb-gallery-image-ratio-land32 kb-has-image-ratio-land32\" ><img loading=\"lazy\" decoding=\"async\" src=\"http:\/\/hyeres-profiles-fr.preview-domain.com\/wp-content\/uploads\/2024\/02\/rural-landscape-with-green-and-yellow-flowering-rapeseed-field-4081665-1024x683.jpg\" width=\"1024\" height=\"683\" alt=\"Rural Landscape with Green and Yellow Flowering Rapeseed Field\" data-full-image=\"http:\/\/hyeres-profiles-fr.preview-domain.com\/wp-content\/uploads\/2024\/02\/rural-landscape-with-green-and-yellow-flowering-rapeseed-field-4081665-1024x683.jpg\" data-light-image=\"http:\/\/hyeres-profiles-fr.preview-domain.com\/wp-content\/uploads\/2024\/02\/rural-landscape-with-green-and-yellow-flowering-rapeseed-field-4081665-1024x683.jpg\" data-id=\"691\" class=\"wp-image-691 skip-lazy\"\/><\/div><\/div><\/figure><\/div><\/div><\/div><div class=\"kb-slide-item kb-gallery-carousel-item\"><div class=\"kadence-blocks-gallery-item\"><div class=\"kadence-blocks-gallery-item-inner\"><figure class=\"kb-gallery-figure kadence-blocks-gallery-item-hide-caption\" \"><div class=\"kb-gal-image-radius\"><div class=\"kb-gallery-image-contain kadence-blocks-gallery-intrinsic kb-gallery-image-ratio-land32 kb-has-image-ratio-land32\" ><img loading=\"lazy\" decoding=\"async\" src=\"https:\/\/hyeres-profiles-fr.preview-domain.com\/wp-content\/uploads\/2024\/02\/piquet-pour-palissage-des-vignes-000664934-product_zoom.jpg\" width=\"640\" height=\"480\" alt=\"\" data-full-image=\"https:\/\/hyeres-profiles-fr.preview-domain.com\/wp-content\/uploads\/2024\/02\/piquet-pour-palissage-des-vignes-000664934-product_zoom.jpg\" data-light-image=\"https:\/\/hyeres-profiles-fr.preview-domain.com\/wp-content\/uploads\/2024\/02\/piquet-pour-palissage-des-vignes-000664934-product_zoom.jpg\" data-id=\"685\" class=\"wp-image-685 skip-lazy\" srcset=\"https:\/\/hyeres-profiles.fr\/wp-content\/uploads\/2024\/02\/piquet-pour-palissage-des-vignes-000664934-product_zoom.jpg 640w, https:\/\/hyeres-profiles.fr\/wp-content\/uploads\/2024\/02\/piquet-pour-palissage-des-vignes-000664934-product_zoom-300x225.jpg 300w\" sizes=\"(max-width: 640px) 100vw, 640px\" \/><\/div><\/div><\/figure><\/div><\/div><\/div><\/div><\/div><\/div><\/div>\n\n<style>.kadence-form-686_5cf9cf-80 .kb-form .kadence-blocks-form-field .kb-text-style-field, .kadence-form-686_5cf9cf-80 .kb-form .kadence-blocks-form-field .kb-select-style-field{font-size:var(--global-kb-font-size-md, 1.25rem);}.kadence-form-686_5cf9cf-80 .kb-form .kadence-blocks-form-field .kb-forms-submit{color:var(--theme-palette-color-5, #E7EBEE);background:#914f1d;border-color:#914f1d;}.kadence-form-686_5cf9cf-80 .kb-form .kadence-blocks-form-field .kb-forms-submit:hover, .kadence-form-686_5cf9cf-80 .kb-form .kadence-blocks-form-field .kb-forms-submit:focus {background:#914f1d;}.kb-form input.kadence-blocks-field.verify{opacity:0.0;position:absolute;top:0.0;left:0.0;width:0.0;height:0.0;z-index:-1;}<\/style>\n<div class=\"wp-block-kadence-form kadence-form-686_5cf9cf-80 kb-form-wrap kb-form-align-center\"><form class=\"kb-form\" action=\"\" method=\"post\" data-error-message=\"Merci de corriger les erreurs avant de valider\"><div class=\"kadence-blocks-form-field kb-field-desk-width-100 kb-input-size-standard\"><label for=\"kb_field_686_5cf9cf-80_0\">Votre Nom<\/label><input name=\"kb_field_0\" id=\"kb_field_686_5cf9cf-80_0\" data-label=\"Votre Nom\" type=\"text\" placeholder=\"\" value=\"\" data-type=\"text\" class=\"kb-field kb-text-style-field kb-text-field kb-field-0\"\/><\/div><div class=\"kadence-blocks-form-field kb-form-field-1 kb-field-desk-width-100 kb-input-size-standard\"><label for=\"kb_field_686_5cf9cf-80_1\">Email<span class=\"required\">*<\/span><\/label><input name=\"kb_field_1\" id=\"kb_field_686_5cf9cf-80_1\" data-label=\"Email\" type=\"email\" placeholder=\"Votre Meilleure adresse\" value=\"\" data-type=\"email\" class=\"kb-field kb-text-style-field kb-email-field kb-field-1\" data-required=\"yes\"\/><\/div><div class=\"kadence-blocks-form-field kb-form-field-2 kb-field-desk-width-100 kb-input-size-standard\"><label for=\"kb_field_686_5cf9cf-80_2\">Message<span class=\"required\">*<\/span><\/label><textarea name=\"kb_field_2\" id=\"kb_field_686_5cf9cf-80_2\" data-label=\"Message\" type=\"textarea\" placeholder=\"\" data-type=\"textarea\" class=\"kb-field kb-text-style-field kb-textarea-field kb-field-2\" rows=\"4\" data-required=\"yes\"><\/textarea><\/div><input type=\"hidden\" name=\"_kb_form_id\" value=\"686_5cf9cf-80\"\/><input type=\"hidden\" name=\"_kb_form_post_id\" value=\"686\"\/><input type=\"hidden\" name=\"action\" value=\"kb_process_ajax_submit\"\/><label class=\"kadence-verify-label\">Email<input class=\"kadence-blocks-field verify\" type=\"text\" name=\"_kb_verify_email\" autocomplete=\"new-password\" aria-hidden=\"true\" placeholder=\"Email\" tabindex=\"-1\" data-1p-ignore=\"true\" data-lpignore=\"true\" \/><\/label><div class=\"kadence-blocks-form-field kb-submit-field kb-field-desk-width-100\"><button class=\"kb-forms-submit button kb-button-size-large kb-button-width-auto\">Submit<\/button><\/div><\/form><\/div>\n<noscript><div class=\"kadence-blocks-form-message kadence-blocks-form-warning\">Veuillez activer JavaScript dans votre navigateur pour envoyer le formulaire.<\/div><style>.kadence-form-686_5cf9cf-80 .kadence-blocks-form-field.kb-submit-field { display: none; }<\/style><\/noscript>\n\n\n<p><\/p>\n\n\n\n<p><\/p>\n<\/div><\/div><\/div>\n","protected":false},"excerpt":{"rendered":"","protected":false},"author":1,"featured_media":0,"parent":0,"menu_order":0,"comment_status":"closed","ping_status":"closed","template":"","meta":{"qubely_global_settings":"","qubely_interactions":"","footnotes":""},"blocksy_meta":{"background":{"desktop":{"background_type":"color","background_pattern":"type-1","background_image":{"attachment_id":null,"x":0,"y":0},"gradient":"linear-gradient(135deg,rgba(6,147,227,1) 0%,rgb(155,81,224) 100%)","background_repeat":"repeat","background_size":"auto","background_attachment":"scroll","patternColor":{"default":{"color":"#e5e7ea"}},"overlayColor":{"default":{"color":"CT_CSS_SKIP_RULE"}},"backgroundColor":{"default":{"color":"#ffffff"}}},"tablet":{"background_type":"color","background_pattern":"type-1","background_image":{"attachment_id":null,"x":0,"y":0},"gradient":"linear-gradient(135deg,rgba(6,147,227,1) 0%,rgb(155,81,224) 100%)","background_repeat":"repeat","background_size":"auto","background_attachment":"scroll","patternColor":{"default":{"color":"#e5e7ea"}},"overlayColor":{"default":{"color":"CT_CSS_SKIP_RULE"}},"backgroundColor":{"default":{"color":"#ffffff"}}},"mobile":{"background_type":"color","background_pattern":"type-1","background_image":{"attachment_id":null,"x":0,"y":0},"gradient":"linear-gradient(135deg,rgba(6,147,227,1) 0%,rgb(155,81,224) 100%)","background_repeat":"repeat","background_size":"auto","background_attachment":"scroll","patternColor":{"default":{"color":"#e5e7ea"}},"overlayColor":{"default":{"color":"CT_CSS_SKIP_RULE"}},"backgroundColor":{"default":{"color":"#ffffff"}}}},"styles_descriptor":{"styles":{"desktop":"[data-prefix=\"single_page\"] {background-color:#ffffff;background-image:none;} [data-prefix=\"single_page\"] [class*=\"ct-container\"] > article[class*=\"post\"] {--has-boxed:var(--false);--has-wide:var(--true);}","tablet":"","mobile":""},"google_fonts":[],"version":6},"content_style_source":"custom","disable_share_box":"yes","disable_header":"yes","disable_footer":"yes"},"_links":{"self":[{"href":"https:\/\/hyeres-profiles.fr\/index.php?rest_route=\/wp\/v2\/pages\/686"}],"collection":[{"href":"https:\/\/hyeres-profiles.fr\/index.php?rest_route=\/wp\/v2\/pages"}],"about":[{"href":"https:\/\/hyeres-profiles.fr\/index.php?rest_route=\/wp\/v2\/types\/page"}],"author":[{"embeddable":true,"href":"https:\/\/hyeres-profiles.fr\/index.php?rest_route=\/wp\/v2\/users\/1"}],"replies":[{"embeddable":true,"href":"https:\/\/hyeres-profiles.fr\/index.php?rest_route=%2Fwp%2Fv2%2Fcomments&post=686"}],"version-history":[{"count":16,"href":"https:\/\/hyeres-profiles.fr\/index.php?rest_route=\/wp\/v2\/pages\/686\/revisions"}],"predecessor-version":[{"id":714,"href":"https:\/\/hyeres-profiles.fr\/index.php?rest_route=\/wp\/v2\/pages\/686\/revisions\/714"}],"wp:attachment":[{"href":"https:\/\/hyeres-profiles.fr\/index.php?rest_route=%2Fwp%2Fv2%2Fmedia&parent=686"}],"curies":[{"name":"wp","href":"https:\/\/api.w.org\/{rel}","templated":true}]}}